{"id":7202,"date":"2020-08-12T13:21:56","date_gmt":"2020-08-12T11:21:56","guid":{"rendered":"https:\/\/thebridgesoftime.com\/?page_id=7202"},"modified":"2021-01-20T11:06:24","modified_gmt":"2021-01-20T09:06:24","slug":"contacte","status":"publish","type":"page","link":"https:\/\/thebridgesoftime.com\/?page_id=7202&lang=ro","title":{"rendered":"Contacte"},"content":{"rendered":"\n<p><strong>Municipalitatea Nikopol<\/strong><br>Nikopol, regiune Pleven, Bulgaria, cod po\u0219tal 5940<br>Strada Alexander Stamboliyski nr. 5<br>telefon: +359 6541 21 90, fax: +359 6541 27 64<br>e-mail: obshtina@nikopol-bg.com<\/p>\n\n\n\n<p><strong>Municipalitatea Turnu M\u0103gurele<\/strong><br>Turnu M\u0103gurele, jud. Teleorman, Rom\u00e2nia, cod po\u0219tal 145200<br>Bulevardul Republicii nr. 2<br>telefon \/ fax: 0247416451, 0247416453<br>e-mail: primaria@municipiulturnumagurele.ro<\/p>\n\n\n\n<p><\/p>\n","protected":false},"excerpt":{"rendered":"<p>Municipalitatea NikopolNikopol, regiune Pleven, Bulgaria, cod po\u0219tal 5940Strada Alexander Stamboliyski nr. 5telefon: +359 6541 21 90, fax: +359 6541 27 64e-mail: obshtina@nikopol-bg.com Municipalitatea Turnu M\u0103gureleTurnu M\u0103gurele, jud. Teleorman, Rom\u00e2nia, cod po\u0219tal 145200Bulevardul Republicii nr. 2telefon \/ fax: 0247416451, 0247416453e-mail: primaria@municipiulturnumagurele.ro<\/p>\n","protected":false},"author":2,"featured_media":0,"parent":0,"menu_order":0,"comment_status":"closed","ping_status":"closed","template":"","meta":{"footnotes":""},"class_list":["post-7202","page","type-page","status-publish","hentry"],"_links":{"self":[{"href":"https:\/\/thebridgesoftime.com\/index.php?rest_route=\/wp\/v2\/pages\/7202"}],"collection":[{"href":"https:\/\/thebridgesoftime.com\/index.php?rest_route=\/wp\/v2\/pages"}],"about":[{"href":"https:\/\/thebridgesoftime.com\/index.php?rest_route=\/wp\/v2\/types\/page"}],"author":[{"embeddable":true,"href":"https:\/\/thebridgesoftime.com\/index.php?rest_route=\/wp\/v2\/users\/2"}],"replies":[{"embeddable":true,"href":"https:\/\/thebridgesoftime.com\/index.php?rest_route=%2Fwp%2Fv2%2Fcomments&post=7202"}],"version-history":[{"count":3,"href":"https:\/\/thebridgesoftime.com\/index.php?rest_route=\/wp\/v2\/pages\/7202\/revisions"}],"predecessor-version":[{"id":7246,"href":"https:\/\/thebridgesoftime.com\/index.php?rest_route=\/wp\/v2\/pages\/7202\/revisions\/7246"}],"wp:attachment":[{"href":"https:\/\/thebridgesoftime.com\/index.php?rest_route=%2Fwp%2Fv2%2Fmedia&parent=7202"}],"curies":[{"name":"wp","href":"https:\/\/api.w.org\/{rel}","templated":true}]}}