{"id":7227,"date":"2020-08-12T13:30:35","date_gmt":"2020-08-12T11:30:35","guid":{"rendered":"https:\/\/thebridgesoftime.com\/?page_id=7227"},"modified":"2024-03-18T18:02:33","modified_gmt":"2024-03-18T15:02:33","slug":"muzeul-parcului","status":"publish","type":"page","link":"https:\/\/thebridgesoftime.com\/?page_id=7227&lang=ro","title":{"rendered":"Muzeul Parcului"},"content":{"rendered":"\n<figure class=\"wp-block-embed is-type-video is-provider-youtube wp-block-embed-youtube wp-embed-aspect-16-9 wp-has-aspect-ratio\"><div class=\"wp-block-embed__wrapper\">\n<iframe loading=\"lazy\" title=\"Museum Bridges of Time\" width=\"1200\" height=\"675\" src=\"https:\/\/www.youtube.com\/embed\/tvC5G9vXH6E?feature=oembed\" frameborder=\"0\" allow=\"accelerometer; autoplay; clipboard-write; encrypted-media; gyroscope; picture-in-picture; web-share\" allowfullscreen><\/iframe>\n<\/div><\/figure>\n\n\n\n<p>Parcul-muzeu \u00een aer liber \u201ePodurile timpului\u201d reproduce experimental aspecte separate ale vie\u021bii popula\u021biei de coast\u0103, contactul \u0219i leg\u0103turile acesteia cu r\u00e2ul \u0219i influen\u021ba sa asupra dezvolt\u0103rii culturii sub toate aspectele, \u00een practica \u0219i abilit\u0103\u021bile oamenilor. Activit\u0103\u021bile planificate ale proiectului sunt legate de reproducerea unui mediu ipotetic pentru activit\u0103\u021bi legate de apropierea materiilor prime \u0219i mijloacelor de trai \u0219i de ocupa\u021biile oamenilor care locuiesc \u00een apropierea marelui r\u00e2u \u00een diferite epoci. Aceasta este legat\u0103 de construc\u021bia \u0219i proiectarea spa\u021biilor de locuit \u0219i a spa\u021biilor de produc\u021bie, destinate orelor de demonstra\u021bie &#8211; fabricarea de unelte, arme, vase, b\u0103rci etc. O echip\u0103 de exper\u021bi a dezvoltat modele, planuri \u0219i desene bazate pe date istorice, \u00eenregistr\u0103ri \u0219i documente pentru a ob\u021bine autenticitatea maxim\u0103 a modelelor, tradi\u021biilor \u0219i obiceiurilor arhitecturale medievale. Pe baza datelor culese a fost elaborat un plan arhitectural pentru parcul-muzeu \u201ePodurile Timpului\u201d.<\/p>\n\n\n\n<p>Parcul-muzeu arheologic \u00een aer liber \u201ePodurile Timpului\u201d este de tip inexistent la noi \u0219i cuprinde: O cl\u0103dire din Epoca de Piatr\u0103; cl\u0103dire din epoca cuprului; cl\u0103dire din epoca bronzului; cl\u0103dire din epoca roman\u0103; Pia\u021ba Agora \u0219i cl\u0103direa Service la primul etaj, unde va fi amplasat\u0103 o sal\u0103 de expozi\u021bie. Pe l\u00e2ng\u0103 locuirea \u0219i practicarea diferitelor procese de materiale \u0219i me\u0219te\u0219uguri, spa\u021biile din \u0219i din jurul cl\u0103dirilor vor fi, de asemenea, adaptate pentru a demonstra afumarea capturilor de pe\u0219te, pentru a preg\u0103ti unelte de pescuit din lemn, fibre vegetale, cremene \u0219i os \u0219i pentru a preg\u0103ti pe\u0219tele de r\u00e2u. pentru \u00eentre\u021binere.<\/p>\n\n\n\n<p>Vom lucra cu piatra, lemn, gard din lemn tencuit cu lut, chirpici, piei, rogojini. Se vor folosi metode \u0219i tehnologii vechi de construc\u021bie, f\u0103r\u0103 utilizarea materialelor moderne. Materialele \u0219i structura descoperite arheologic vor fi folosite pentru preg\u0103tirea \u0219i producerea materialelor.<\/p>\n\n\n\n<p>Prioritatea principal\u0103 \u00een prezentarea reconstruc\u021biilor \u00eentr-un mediu de parc este credibilitatea lor \u0219tiin\u021bific\u0103 \u0219i utilizarea dot\u0103rilor &#8211; locuin\u021be, docuri, ateliere, vase pentru a desf\u0103\u0219ura activit\u0103\u021bile \u0219i procedurile \u00een \u00eentregime \u0219i pentru a atrage omul modern s\u0103 intre \u00een spiritul istoriei. Mai mult, etapa demonstrativ\u0103 poate continua prin oferirea de condi\u021bii pentru ca vizitatorii s\u0103-\u0219i foloseasc\u0103 \u00een mod activ vacan\u021ba pentru a dob\u00e2ndi abilit\u0103\u021bi \u0219i a se sim\u021bi inclu\u0219i \u00eentr-o via\u021b\u0103 \u00eendep\u0103rtat\u0103 \u00een timp, pentru a-\u0219i reface cuno\u0219tin\u021bele \u0219i pentru a trezi un nou interes. Astfel, percep\u021bia static\u0103 inactiv\u0103 va deveni o ac\u021biune cu scopuri cognitive \u0219i emo\u021bionale. Pescuitul, construc\u021bia de b\u0103rci, naviga\u021bia fluvial\u0103, crearea \u0219i asimilarea realiz\u0103rilor domestice \u0219i tehnice se vor schimba \u00een c\u00e2teva momente, pe m\u0103sur\u0103 ce trec secolele. \u00cen acela\u0219i timp, mediul \u00een care se afl\u0103 parcul nu \u00ee\u0219i va pierde frumuse\u021bea, deoarece amenaj\u0103rile planificate sunt adaptate caracteristicilor sale.Dot\u0103rile folosesc \u0219i materiale caracteristice diferitelor epoci &#8211; piatr\u0103, lut, r\u0103chit\u0103, paie, lemn. \u00cen acest sens, parcul va avea caracter de eco-parc, dar \u00eentre\u021binut \u0219i conectat cu activit\u0103\u021bi, at\u00e2ta timp c\u00e2t materialele naturale folosite nu vor intra \u00een conflict cu mediul.<\/p>\n\n\n\n<p>\u00cen parcul-muzeu arheologic \u00een aer liber \u201ePodurile timpului\u201d sunt prev\u0103zute condi\u021bii pentru desf\u0103\u0219urarea de evenimente \u0219i furnizarea de servicii turistice integrate, care sunt furnizate \u00een timpul \u0219i dup\u0103 proiect, inclusiv, dar f\u0103r\u0103 a se limita la:<\/p>\n\n\n\n<p>Evenimente: Ateliere cu p\u0103r\u021bile interesate, traininguri \u0219i tabere verzi etc.;<br>Servicii: Turism de congres \u0219i lec\u021bii interactive \u00een aer liber pentru studen\u021bi;<br>Programe turistice.<\/p>\n","protected":false},"excerpt":{"rendered":"<p>Parcul-muzeu \u00een aer liber \u201ePodurile timpului\u201d reproduce experimental aspecte separate ale vie\u021bii popula\u021biei de coast\u0103, contactul \u0219i leg\u0103turile acesteia cu r\u00e2ul \u0219i influen\u021ba sa asupra dezvolt\u0103rii culturii sub toate aspectele, \u00een practica \u0219i abilit\u0103\u021bile oamenilor. Activit\u0103\u021bile planificate ale proiectului sunt legate de reproducerea unui mediu ipotetic pentru activit\u0103\u021bi legate de apropierea materiilor prime \u0219i mijloacelor [&hellip;]<\/p>\n","protected":false},"author":2,"featured_media":0,"parent":0,"menu_order":0,"comment_status":"closed","ping_status":"closed","template":"","meta":{"footnotes":""},"class_list":["post-7227","page","type-page","status-publish","hentry"],"_links":{"self":[{"href":"https:\/\/thebridgesoftime.com\/index.php?rest_route=\/wp\/v2\/pages\/7227"}],"collection":[{"href":"https:\/\/thebridgesoftime.com\/index.php?rest_route=\/wp\/v2\/pages"}],"about":[{"href":"https:\/\/thebridgesoftime.com\/index.php?rest_route=\/wp\/v2\/types\/page"}],"author":[{"embeddable":true,"href":"https:\/\/thebridgesoftime.com\/index.php?rest_route=\/wp\/v2\/users\/2"}],"replies":[{"embeddable":true,"href":"https:\/\/thebridgesoftime.com\/index.php?rest_route=%2Fwp%2Fv2%2Fcomments&post=7227"}],"version-history":[{"count":3,"href":"https:\/\/thebridgesoftime.com\/index.php?rest_route=\/wp\/v2\/pages\/7227\/revisions"}],"predecessor-version":[{"id":7789,"href":"https:\/\/thebridgesoftime.com\/index.php?rest_route=\/wp\/v2\/pages\/7227\/revisions\/7789"}],"wp:attachment":[{"href":"https:\/\/thebridgesoftime.com\/index.php?rest_route=%2Fwp%2Fv2%2Fmedia&parent=7227"}],"curies":[{"name":"wp","href":"https:\/\/api.w.org\/{rel}","templated":true}]}}