{"id":7704,"date":"2024-02-19T17:27:47","date_gmt":"2024-02-19T14:27:47","guid":{"rendered":"https:\/\/thebridgesoftime.com\/?page_id=7704"},"modified":"2024-02-20T12:13:16","modified_gmt":"2024-02-20T09:13:16","slug":"produse-si-servicii","status":"publish","type":"page","link":"https:\/\/thebridgesoftime.com\/?page_id=7704&lang=ro","title":{"rendered":"Produse \u0219i servicii"},"content":{"rendered":"\n<p>\u00cen cadrul proiectului Podurile Timpului, au fost create urm\u0103toarele produse \u0219i servicii turistice integrate comune, care pot fi utilizate de locuitorii \u0219i vizitatorii regiunii transfrontaliere a Municipiului Nikopol \u0219i Turnu M\u0103gurele:<\/p>\n\n\n\n<ol class=\"wp-block-list\"><li><strong><a href=\"https:\/\/thebridgesoftime.com\/?page_id=7631&amp;lang=ro\">Destina\u021bie \u201ePodurile Timpului\u201d Biserica St\u00e2nc\u0103-Parcul Arheologic Muzeul Timpului \u2013 Cetatea Turnu<\/a><\/strong><\/li><li><strong><a href=\"https:\/\/thebridgesoftime.com\/?page_id=7214&amp;lang=ro\">Destina\u021bia \u201eFestival\u201d<\/a><\/strong><\/li><li><strong><a href=\"https:\/\/thebridgesoftime.com\/?p=7713&amp;lang=ro\">Servicii de turism pentru congrese<\/a><\/strong><\/li><li><strong><a href=\"https:\/\/thebridgesoftime.com\/?p=7722&amp;lang=ro\">Lec\u021bii interactive \u00een aer liber pentru studen\u021bi<\/a><\/strong><\/li><li><strong><a href=\"https:\/\/thebridgesoftime.com\/?p=7732&amp;lang=ro\">Prelucrarea pietrei \u0219i a argilei din epoca preistoric\u0103 (program de o zi)<\/a><\/strong><\/li><li><strong><a href=\"https:\/\/thebridgesoftime.com\/?p=7741&amp;lang=ro\">Abilit\u0103\u021bi de v\u00e2n\u0103toare \u0219i pescuit din Epoca de Piatr\u0103 (Program de o zi)<\/a><\/strong><\/li><li><strong><a href=\"https:\/\/thebridgesoftime.com\/?p=7751&amp;lang=ro\">Cultura \u0219i religia tracilor (program de o zi)<\/a><\/strong><\/li><li><strong><a href=\"https:\/\/thebridgesoftime.com\/?p=7760&amp;lang=ro\">Abilit\u0103\u021bi \u0219i tactici militare ale Imperiului Roman (Program de o zi)<\/a><\/strong><\/li><li><strong><a href=\"https:\/\/thebridgesoftime.com\/?p=7769&amp;lang=ro\">Buc\u0103t\u0103rie medieval\u0103 \u0219i degustare de vinuri (program de o zi).<\/a><\/strong><\/li><\/ol>\n","protected":false},"excerpt":{"rendered":"<p>\u00cen cadrul proiectului Podurile Timpului, au fost create urm\u0103toarele produse \u0219i servicii turistice integrate comune, care pot fi utilizate de locuitorii \u0219i vizitatorii regiunii transfrontaliere a Municipiului Nikopol \u0219i Turnu M\u0103gurele: Destina\u021bie \u201ePodurile Timpului\u201d Biserica St\u00e2nc\u0103-Parcul Arheologic Muzeul Timpului \u2013 Cetatea Turnu Destina\u021bia \u201eFestival\u201d Servicii de turism pentru congrese Lec\u021bii interactive \u00een aer liber pentru [&hellip;]<\/p>\n","protected":false},"author":79,"featured_media":0,"parent":0,"menu_order":0,"comment_status":"closed","ping_status":"closed","template":"","meta":{"footnotes":""},"class_list":["post-7704","page","type-page","status-publish","hentry"],"_links":{"self":[{"href":"https:\/\/thebridgesoftime.com\/index.php?rest_route=\/wp\/v2\/pages\/7704"}],"collection":[{"href":"https:\/\/thebridgesoftime.com\/index.php?rest_route=\/wp\/v2\/pages"}],"about":[{"href":"https:\/\/thebridgesoftime.com\/index.php?rest_route=\/wp\/v2\/types\/page"}],"author":[{"embeddable":true,"href":"https:\/\/thebridgesoftime.com\/index.php?rest_route=\/wp\/v2\/users\/79"}],"replies":[{"embeddable":true,"href":"https:\/\/thebridgesoftime.com\/index.php?rest_route=%2Fwp%2Fv2%2Fcomments&post=7704"}],"version-history":[{"count":10,"href":"https:\/\/thebridgesoftime.com\/index.php?rest_route=\/wp\/v2\/pages\/7704\/revisions"}],"predecessor-version":[{"id":7783,"href":"https:\/\/thebridgesoftime.com\/index.php?rest_route=\/wp\/v2\/pages\/7704\/revisions\/7783"}],"wp:attachment":[{"href":"https:\/\/thebridgesoftime.com\/index.php?rest_route=%2Fwp%2Fv2%2Fmedia&parent=7704"}],"curies":[{"name":"wp","href":"https:\/\/api.w.org\/{rel}","templated":true}]}}